{"id":2640,"date":"2022-04-20T11:54:23","date_gmt":"2022-04-20T09:54:23","guid":{"rendered":"http:\/\/ztf.gik.zgora.pl\/?page_id=2640"},"modified":"2022-05-09T12:09:22","modified_gmt":"2022-05-09T10:09:22","slug":"edycja-i","status":"publish","type":"page","link":"https:\/\/archiwum.ztf.zgora.pl\/web\/edycja-i\/","title":{"rendered":"EDYCJA I"},"content":{"rendered":"\n<p class=\"has-text-align-center\">KONKURS FOTOGRAFICZNY  KRAJOBRAZ POLSKI<\/p>\n\n\n\n<p class=\"has-text-align-center\"><strong>\u201eC Z T E R Y&nbsp; P O R Y&nbsp; R O K U &#8222;<\/strong><\/p>\n\n\n\n<hr class=\"wp-block-separator has-text-color has-background has-blue-background-color has-blue-color\"\/>\n\n\n\n<h2 class=\"has-text-align-center has-blue-color has-text-color wp-block-heading\"><strong>ZIMA<\/strong><\/h2>\n\n\n\n<hr class=\"wp-block-separator has-text-color has-background has-blue-background-color has-blue-color\"\/>\n\n\n\n<p class=\"has-text-align-center\"><strong>TERMIN PRZESY\u0141ANIA ZDJ\u0118\u0106 28.02.2018 r.<\/strong><\/p>\n\n\n\n<hr class=\"wp-block-separator has-text-color has-background has-blue-background-color has-blue-color\"\/>\n\n\n\n<p class=\"has-text-align-center\">Rozstrzygniecie og\u00f3lnopolskiego konkursu fotograficznego organizowanego przez<\/p>\n\n\n\n<p class=\"has-text-align-center has-text-color\" style=\"color:#1eb539\"><strong>Zielonog\u00f3rskie Towarzystwo Fotograficzne <\/strong><\/p>\n\n\n\n<p class=\"has-text-align-center\">KRAJOBRAZ POLSKI &#8222;CZTERY PORY ROKU &#8211; ZIMA&#8221;<\/p>\n\n\n\n<p>mi\u0142o nam poinformowa\u0107 i\u017c decyzj\u0105 jury konkursu organizowanego przez Zielonog\u00f3rskie Towarzystwo Fotograficzne przyznano:<\/p>\n\n\n\n<hr class=\"wp-block-separator\"\/>\n\n\n\n<p>I miejsce &#8211; Marzena Radio &#8211; Zielona G\u00f3ra, za zdj\u0119cie: Chojnice &#8211; woj. Pomorskie <\/p>\n\n\n\n<p>II miejsce &#8211; Marek Miloszewski &#8211; Szczecin, za zdj\u0119cie: Karkonosze, \u015anie\u017cka<\/p>\n\n\n\n<p>III miejsce &#8211; Marek Mi\u0142oszewski &#8211; Szczecin, za zdj\u0119cie: Karkonosze, Szlak na \u015anie\u017ck\u0119;<\/p>\n\n\n\n<p>Nagrod\u0119 ksi\u0105\u017ckow\u0105 o tematyce fotografii krajobrazu otrzymuje Marzena Radio. <\/p>\n\n\n\nngg_shortcode_0_placeholder\n\n\n\n<hr class=\"wp-block-separator\"\/>\n\n\n\n<p>Wszyscy laureaci otrzymuj\u0105 dyplomy. <\/p>\n\n\n\n<p>Jednocze\u015bnie zdj\u0119cia nagrodzone I, II, III miejscem wezm\u0105 udzia\u0142 w wystawie pokonkursowej miesi\u0105cu styczniu 2019 r. na kt\u00f3r\u0105 sk\u0142ada\u0107 si\u0119 b\u0119d\u0105 fotografie z czterech cz\u0119\u015bci konkursu (zima, wiosna, lato, jesie\u0144). Termin wystawy zostanie ustalony przez organizatora konkursu i podany do wiadomo\u015bci na stronie ZTF. <\/p>\n\n\n\n<p>Wszystkim bior\u0105cym udzia\u0142 w konkursie dzi\u0119kujemy za przes\u0142ane zdj\u0119cia. <\/p>\n\n\n\n<p>\u017byczymy dalszego rozwoju wspania\u0142ej pasji fotografowania. <\/p>\n\n\n\n<p>Laureatom gratulujemy zwyci\u0119skich kadr\u00f3w. <\/p>\n\n\n\n<hr class=\"wp-block-separator has-text-color has-background has-blue-background-color has-blue-color is-style-wide\"\/>\n\n\n\n<hr class=\"wp-block-separator has-text-color has-background has-blue-background-color has-blue-color is-style-wide\"\/>\n\n\n\n<p class=\"has-text-align-center\">KONKURS FOTOGRAFICZNY  KRAJOBRAZ POLSKI<\/p>\n\n\n\n<p class=\"has-text-align-center\"><strong>\u201eC Z T E R Y&nbsp; P O R Y&nbsp; R O K U &#8222;<\/strong><\/p>\n\n\n\n<hr class=\"wp-block-separator has-text-color has-background has-blue-background-color has-blue-color\"\/>\n\n\n\n<h2 class=\"has-text-align-center has-blue-color has-text-color wp-block-heading\"><strong>WIOSNA<\/strong><\/h2>\n\n\n\n<hr class=\"wp-block-separator has-text-color has-background has-blue-background-color has-blue-color\"\/>\n\n\n\n<p class=\"has-text-align-center\"><strong>TERMIN PRZESY\u0141ANIA ZDJ\u0118\u0106 31.05.2018 r.<\/strong><\/p>\n\n\n\n<hr class=\"wp-block-separator\"\/>\n\n\n\n<p class=\"has-text-align-center\">Rozstrzygniecie og\u00f3lnopolskiego konkursu fotograficznego organizowanego przez<\/p>\n\n\n\n<p class=\"has-text-align-center has-text-color\" style=\"color:#1eb539\"><strong>Zielonog\u00f3rskie Towarzystwo Fotograficzne <\/strong><\/p>\n\n\n\n<p class=\"has-text-align-center\">KRAJOBRAZ POLSKI &#8222;CZTERY PORY ROKU &#8211; WIOSNA&#8221;<\/p>\n\n\n\n<p>mi\u0142o nam poinformowa\u0107 i\u017c decyzj\u0105 jury konkursu organizowanego przez Zielonog\u00f3rskie Towarzystwo Fotograficzne przyznano:<\/p>\n\n\n\n<hr class=\"wp-block-separator\"\/>\n\n\n\n<p>I miejsce &#8211; Katarzyna Preuss &#8211; Pozna\u0144, za zdj\u0119cie wykonane na terenie Rogali\u0144skiego Parku Krajobrazowego <\/p>\n\n\n\n<p>I miejsce &#8211; Miros\u0142ar Rak &#8211; Gliwice, za zdj\u0119cie: Ponidzie okolice Czarnocina<\/p>\n\n\n\n<p>II miejsce &#8211; Tomasz Socha &#8211; Sulech\u00f3w, za zdj\u0119cie wykonane mi\u0119dzy Sulechowem a Bukowem (woj. lubuskie)<\/p>\n\n\n\n<p>III miejsce &#8211; Marzena Radio &#8211; Zielona G\u00f3ra, Zakopane<\/p>\n\n\n\nngg_shortcode_1_placeholder\n\n\n\n<hr class=\"wp-block-separator has-text-color has-background has-blue-background-color has-blue-color is-style-wide\"\/>\n\n\n\n<hr class=\"wp-block-separator has-text-color has-background has-blue-background-color has-blue-color is-style-wide\"\/>\n\n\n\n<p class=\"has-text-align-center\">KONKURS FOTOGRAFICZNY  KRAJOBRAZ POLSKI<\/p>\n\n\n\n<p class=\"has-text-align-center\"><strong>\u201eC Z T E R Y&nbsp; P O R Y&nbsp; R O K U &#8222;<\/strong><\/p>\n\n\n\n<hr class=\"wp-block-separator has-text-color has-background has-blue-background-color has-blue-color is-style-default\"\/>\n\n\n\n<h2 class=\"has-text-align-center has-blue-color has-text-color wp-block-heading\"><strong>LATO<\/strong><\/h2>\n\n\n\n<hr class=\"wp-block-separator has-text-color has-background has-blue-background-color has-blue-color is-style-default\"\/>\n\n\n\n<p class=\"has-text-align-center\"><strong>TERMIN PRZESY\u0141ANIA ZDJ\u0118\u0106 OD 5.07.2018 DO 31.08.2018 r.<\/strong><\/p>\n\n\n\n<hr class=\"wp-block-separator is-style-default\"\/>\n\n\n\n<p class=\"has-text-align-center\">Rozstrzygniecie og\u00f3lnopolskiego konkursu fotograficznego organizowanego przez<\/p>\n\n\n\n<p class=\"has-text-align-center has-text-color\" style=\"color:#1eb539\"><strong>Zielonog\u00f3rskie Towarzystwo Fotograficzne <\/strong><\/p>\n\n\n\n<p class=\"has-text-align-center\">KRAJOBRAZ POLSKI &#8222;CZTERY PORY ROKU &#8211; LATO&#8221;<\/p>\n\n\n\n<p>mi\u0142o nam poinformowa\u0107 i\u017c decyzj\u0105 jury konkursu organizowanego przez Zielonog\u00f3rskie Towarzystwo Fotograficzne przyznano:<\/p>\n\n\n\n<hr class=\"wp-block-separator is-style-wide\"\/>\n\n\n\n<p>I miejsce &#8211; Katarzyna Preuss &#8211; Pozna\u0144, za zdj\u0119cie wykonane na terenie Rogali\u0144skiego Parku Krajobrazowego <\/p>\n\n\n\n<p>I miejsce &#8211; Krzysztof Modrzejewski &#8211; za zdj\u0119cie: okolice Czetowic<\/p>\n\n\n\n<p>II miejsce &#8211; Ewa Thomas &#8211; za zdj\u0119cie: okolice wsi D\u0142ugie<\/p>\n\n\n\n<p>III miejsce &#8211; Marek Mi\u0142oszewski &#8211; za zdj\u0119cie: Po\u0142onina Wetli\u0144ska<\/p>\n\n\n\nngg_shortcode_2_placeholder\n\n\n\n<hr class=\"wp-block-separator has-text-color has-background has-blue-background-color has-blue-color is-style-wide\"\/>\n\n\n\n<hr class=\"wp-block-separator has-text-color has-background has-blue-background-color has-blue-color is-style-wide\"\/>\n\n\n\n<p class=\"has-text-align-center\">KONKURS FOTOGRAFICZNY  KRAJOBRAZ POLSKI<\/p>\n\n\n\n<p class=\"has-text-align-center\"><strong>\u201eC Z T E R Y&nbsp; P O R Y&nbsp; R O K U &#8222;<\/strong><\/p>\n\n\n\n<hr class=\"wp-block-separator has-text-color has-background has-blue-background-color has-blue-color is-style-default\"\/>\n\n\n\n<h2 class=\"has-text-align-center has-blue-color has-text-color wp-block-heading\"><strong>JESIE\u0143<\/strong><\/h2>\n\n\n\n<hr class=\"wp-block-separator has-text-color has-background has-blue-background-color has-blue-color is-style-default\"\/>\n\n\n\n<p class=\"has-text-align-center\"><strong>TERMIN PRZESY\u0141ANIA ZDJ\u0118\u0106 OD 24.09.2018 DO 30.11.2018 r.<\/strong><\/p>\n\n\n\n<hr class=\"wp-block-separator is-style-default\"\/>\n\n\n\n<p class=\"has-text-align-center\">Rozstrzygniecie og\u00f3lnopolskiego konkursu fotograficznego organizowanego przez<\/p>\n\n\n\n<p class=\"has-text-align-center has-text-color\" style=\"color:#1eb539\"><strong>Zielonog\u00f3rskie Towarzystwo Fotograficzne <\/strong><\/p>\n\n\n\n<p class=\"has-text-align-center\">KRAJOBRAZ POLSKI &#8222;CZTERY PORY ROKU &#8211; JESIE\u0143&#8221;<\/p>\n\n\n\n<p>mi\u0142o nam poinformowa\u0107 i\u017c decyzj\u0105 jury konkursu organizowanego przez Zielonog\u00f3rskie Towarzystwo Fotograficzne przyznano:<\/p>\n\n\n\n<hr class=\"wp-block-separator is-style-wide\"\/>\n\n\n\n<p>I miejsce &#8211; Katarzyna Preuss &#8211; Pozna\u0144, za zdj\u0119cie wykonane na terenie Rogali\u0144skiego Parku Krajobrazowego <\/p>\n\n\n\n<p>I miejsce &#8211; Iana Berger &#8211; Zielona G\u00f3ra<\/p>\n\n\n\n<p>II miejsce -\u0141ukasz Barzowski &#8211; Zielona G\u00f3ra<\/p>\n\n\n\n<p>III miejsce &#8211; Roman Rekut &#8211; Zielona G\u00f3ra<\/p>\n\n\n\nngg_shortcode_3_placeholder\n\n\n\n<div class=\"wp-block-file aligncenter\"><a id=\"wp-block-file--media-fd3ff98d-5e3f-479f-9952-d62888f43b84\" href=\"https:\/\/ztf.zgora.pl\/web\/wp-content\/uploads\/2022\/04\/regulamin-edycja-1-zima.pdf\">regulamin edycja 1 &#8211; zima<\/a><a href=\"https:\/\/ztf.zgora.pl\/web\/wp-content\/uploads\/2022\/04\/regulamin-edycja-1-zima.pdf\" class=\"wp-block-file__button\" download aria-describedby=\"wp-block-file--media-fd3ff98d-5e3f-479f-9952-d62888f43b84\">Pobierz<\/a><\/div>\n\n\n\n<div class=\"wp-block-file aligncenter\"><a id=\"wp-block-file--media-396ead94-d2ad-4be3-b8b9-bcbd039a2d27\" href=\"https:\/\/ztf.zgora.pl\/web\/wp-content\/uploads\/2022\/04\/regulamin-edycja-1-wiosna.pdf\">regulamin edycja 1 &#8211; wiosna<\/a><a href=\"https:\/\/ztf.zgora.pl\/web\/wp-content\/uploads\/2022\/04\/regulamin-edycja-1-wiosna.pdf\" class=\"wp-block-file__button\" download aria-describedby=\"wp-block-file--media-396ead94-d2ad-4be3-b8b9-bcbd039a2d27\">Pobierz<\/a><\/div>\n\n\n\n<div class=\"wp-block-file aligncenter\"><a id=\"wp-block-file--media-4e8c9f9b-a21e-4673-9ab3-867bee15f9e8\" href=\"https:\/\/ztf.zgora.pl\/web\/wp-content\/uploads\/2022\/04\/regulamin-edycja-1-lato.pdf\">regulamin edycja 1 &#8211; lato<\/a><a href=\"https:\/\/ztf.zgora.pl\/web\/wp-content\/uploads\/2022\/04\/regulamin-edycja-1-lato.pdf\" class=\"wp-block-file__button\" download aria-describedby=\"wp-block-file--media-4e8c9f9b-a21e-4673-9ab3-867bee15f9e8\">Pobierz<\/a><\/div>\n\n\n\n<div class=\"wp-block-file aligncenter\"><a id=\"wp-block-file--media-257e7263-987c-4a5b-b5d8-ace1f15fe001\" href=\"https:\/\/ztf.zgora.pl\/web\/wp-content\/uploads\/2022\/04\/regulamin-edycja-1-jesien.pdf\">regulamin edycja 1 &#8211; jesien<\/a><a href=\"https:\/\/ztf.zgora.pl\/web\/wp-content\/uploads\/2022\/04\/regulamin-edycja-1-jesien.pdf\" class=\"wp-block-file__button\" download aria-describedby=\"wp-block-file--media-257e7263-987c-4a5b-b5d8-ace1f15fe001\">Pobierz<\/a><\/div>\n","protected":false},"excerpt":{"rendered":"<p>KONKURS FOTOGRAFICZNY KRAJOBRAZ POLSKI \u201eC Z T E R Y&nbsp; P O R Y&nbsp; R O K U &#8222; ZIMA TERMIN PRZESY\u0141ANIA ZDJ\u0118\u0106 28.02.2018 r. Rozstrzygniecie og\u00f3lnopolskiego konkursu fotograficznego organizowanego przez Zielonog\u00f3rskie Towarzystwo Fotograficzne KRAJOBRAZ POLSKI &#8222;CZTERY PORY ROKU &#8211; ZIMA&#8221; mi\u0142o nam poinformowa\u0107 i\u017c decyzj\u0105 jury konkursu organizowanego przez Zielonog\u00f3rskie Towarzystwo Fotograficzne przyznano: I [&hellip;]<\/p>\n","protected":false},"author":2,"featured_media":0,"parent":0,"menu_order":0,"comment_status":"closed","ping_status":"closed","template":"","meta":{"ngg_post_thumbnail":0,"footnotes":""},"class_list":["post-2640","page","type-page","status-publish","hentry"],"_links":{"self":[{"href":"https:\/\/archiwum.ztf.zgora.pl\/web\/wp-json\/wp\/v2\/pages\/2640","targetHints":{"allow":["GET"]}}],"collection":[{"href":"https:\/\/archiwum.ztf.zgora.pl\/web\/wp-json\/wp\/v2\/pages"}],"about":[{"href":"https:\/\/archiwum.ztf.zgora.pl\/web\/wp-json\/wp\/v2\/types\/page"}],"author":[{"embeddable":true,"href":"https:\/\/archiwum.ztf.zgora.pl\/web\/wp-json\/wp\/v2\/users\/2"}],"replies":[{"embeddable":true,"href":"https:\/\/archiwum.ztf.zgora.pl\/web\/wp-json\/wp\/v2\/comments?post=2640"}],"version-history":[{"count":11,"href":"https:\/\/archiwum.ztf.zgora.pl\/web\/wp-json\/wp\/v2\/pages\/2640\/revisions"}],"predecessor-version":[{"id":4960,"href":"https:\/\/archiwum.ztf.zgora.pl\/web\/wp-json\/wp\/v2\/pages\/2640\/revisions\/4960"}],"wp:attachment":[{"href":"https:\/\/archiwum.ztf.zgora.pl\/web\/wp-json\/wp\/v2\/media?parent=2640"}],"curies":[{"name":"wp","href":"https:\/\/api.w.org\/{rel}","templated":true}]}}