{"id":2642,"date":"2022-04-20T11:54:37","date_gmt":"2022-04-20T09:54:37","guid":{"rendered":"http:\/\/ztf.gik.zgora.pl\/?page_id=2642"},"modified":"2022-04-20T21:53:08","modified_gmt":"2022-04-20T19:53:08","slug":"edycja-ii","status":"publish","type":"page","link":"https:\/\/archiwum.ztf.zgora.pl\/web\/edycja-ii\/","title":{"rendered":"EDYCJA II"},"content":{"rendered":"\n<p class=\"has-text-align-center\">KONKURS FOTOGRAFICZNY  KRAJOBRAZ POLSKI<\/p>\n\n\n\n<p class=\"has-text-align-center\"><strong>\u201eC Z T E R Y&nbsp; P O R Y&nbsp; R O K U &#8222;<\/strong><\/p>\n\n\n\n<hr class=\"wp-block-separator has-text-color has-background has-blue-background-color has-blue-color is-style-default\"\/>\n\n\n\n<h2 class=\"has-text-align-center has-blue-color has-text-color wp-block-heading\"><strong>ZIMA<\/strong><\/h2>\n\n\n\n<hr class=\"wp-block-separator has-text-color has-background has-blue-background-color has-blue-color is-style-default\"\/>\n\n\n\n<p class=\"has-text-align-center\"><strong>TERMIN PRZESY\u0141ANIA ZDJ\u0118\u0106 <strong>OD 31.01.2019 R. DO 17.03.2019 r.<\/strong><\/strong><\/p>\n\n\n\n<hr class=\"wp-block-separator has-text-color has-background has-blue-background-color has-blue-color is-style-wide\"\/>\n\n\n\n<p class=\"has-text-align-center\">Rozstrzygniecie og\u00f3lnopolskiego konkursu fotograficznego organizowanego przez<\/p>\n\n\n\n<p class=\"has-text-align-center has-text-color\" style=\"color:#1eb539\"><strong>Zielonog\u00f3rskie Towarzystwo Fotograficzne <\/strong><\/p>\n\n\n\n<p class=\"has-text-align-center\">KRAJOBRAZ POLSKI &#8222;CZTERY PORY ROKU &#8211; ZIMA&#8221;<\/p>\n\n\n\n<p>mi\u0142o nam poinformowa\u0107 i\u017c decyzj\u0105 jury konkursu organizowanego przez Zielonog\u00f3rskie Towarzystwo Fotograficzne przyznano:<\/p>\n\n\n\n<hr class=\"wp-block-separator is-style-wide\"\/>\n\n\n\n<p>I miejsce &#8211; Jolanta Kolinko &#8211; Olsztyn<\/p>\n\n\n\n<p>II miejsce &#8211; Jolanta Kolinko &#8211; Olsztyn<\/p>\n\n\n\n<p>III miejsce &#8211; nie przyznano<\/p>\n\n\n\n<p><\/p>\n\n\n\n<hr class=\"wp-block-separator is-style-wide\"\/>\n\n\n\n<p>Wszystkim bior\u0105cym udzia\u0142 w konkursie dzi\u0119kujemy za przes\u0142ane zdj\u0119cia. <\/p>\n\n\n\n<p>\u017byczymy dalszego rozwoju wspania\u0142ej pasji fotografowania. <\/p>\n\n\n\n<p>Laureatom gratulujemy zwyci\u0119skich kadr\u00f3w. <\/p>\n\n\n\n<hr class=\"wp-block-separator has-text-color has-background has-blue-background-color has-blue-color is-style-wide\"\/>\n\n\n\n<hr class=\"wp-block-separator has-text-color has-background has-blue-background-color has-blue-color is-style-wide\"\/>\n\n\n\n<p class=\"has-text-align-center\">KONKURS FOTOGRAFICZNY  KRAJOBRAZ POLSKI<\/p>\n\n\n\n<p class=\"has-text-align-center\"><strong>\u201eC Z T E R Y&nbsp; P O R Y&nbsp; R O K U &#8222;<\/strong><\/p>\n\n\n\n<hr class=\"wp-block-separator has-text-color has-background has-blue-background-color has-blue-color is-style-default\"\/>\n\n\n\n<h2 class=\"has-text-align-center has-blue-color has-text-color wp-block-heading\"><strong>WIOSNA<\/strong><\/h2>\n\n\n\n<hr class=\"wp-block-separator has-text-color has-background has-blue-background-color has-blue-color is-style-default\"\/>\n\n\n\n<p class=\"has-text-align-center\"><strong>TERMIN PRZESY\u0141ANIA ZDJ\u0118\u0106 OD <strong>16.04.2019 DO 31.05.2019 r<\/strong>.<\/strong><\/p>\n\n\n\n<hr class=\"wp-block-separator is-style-wide\"\/>\n\n\n\n<p class=\"has-text-align-center\">Rozstrzygniecie og\u00f3lnopolskiego konkursu fotograficznego organizowanego przez<\/p>\n\n\n\n<p class=\"has-text-align-center has-text-color\" style=\"color:#1eb539\"><strong>Zielonog\u00f3rskie Towarzystwo Fotograficzne <\/strong><\/p>\n\n\n\n<p class=\"has-text-align-center\">KRAJOBRAZ POLSKI &#8222;CZTERY PORY ROKU &#8211; WIOSNA&#8221;<\/p>\n\n\n\n<p>mi\u0142o nam poinformowa\u0107 i\u017c decyzj\u0105 jury konkursu organizowanego przez Zielonog\u00f3rskie Towarzystwo Fotograficzne przyznano:<\/p>\n\n\n\n<hr class=\"wp-block-separator is-style-wide\"\/>\n\n\n\n<p>I miejsce &#8211; Ewa Thomas<\/p>\n\n\n\n<p>II miejsce &#8211; Monika Chocaj <\/p>\n\n\n\n<p>III miejsce &#8211; Roman Rekut<\/p>\n\n\n\nngg_shortcode_0_placeholder\n\n\n\n<hr class=\"wp-block-separator has-text-color has-background has-blue-background-color has-blue-color is-style-wide\"\/>\n\n\n\n<hr class=\"wp-block-separator has-text-color has-background has-blue-background-color has-blue-color is-style-wide\"\/>\n\n\n\n<p class=\"has-text-align-center\">KONKURS FOTOGRAFICZNY  KRAJOBRAZ POLSKI<\/p>\n\n\n\n<p class=\"has-text-align-center\"><strong>\u201eC Z T E R Y&nbsp; P O R Y&nbsp; R O K U &#8222;<\/strong><\/p>\n\n\n\n<hr class=\"wp-block-separator has-text-color has-background has-blue-background-color has-blue-color is-style-default\"\/>\n\n\n\n<h2 class=\"has-text-align-center has-blue-color has-text-color wp-block-heading\"><strong>LATO<\/strong><\/h2>\n\n\n\n<hr class=\"wp-block-separator has-text-color has-background has-blue-background-color has-blue-color is-style-default\"\/>\n\n\n\n<p class=\"has-text-align-center\"><strong>TERMIN PRZESY\u0141ANIA ZDJ\u0118\u0106 OD <strong>15.07.2019 DO 27.09.2019 r<\/strong><\/strong><\/p>\n\n\n\n<hr class=\"wp-block-separator is-style-default\"\/>\n\n\n\n<p class=\"has-text-align-center\">Rozstrzygniecie og\u00f3lnopolskiego konkursu fotograficznego organizowanego przez<\/p>\n\n\n\n<p class=\"has-text-align-center has-text-color\" style=\"color:#1eb539\"><strong>Zielonog\u00f3rskie Towarzystwo Fotograficzne <\/strong><\/p>\n\n\n\n<p class=\"has-text-align-center\">KRAJOBRAZ POLSKI &#8222;CZTERY PORY ROKU &#8211; LATO&#8221;<\/p>\n\n\n\n<p>mi\u0142o nam poinformowa\u0107 i\u017c decyzj\u0105 jury konkursu organizowanego przez Zielonog\u00f3rskie Towarzystwo Fotograficzne przyznano:<\/p>\n\n\n\n<hr class=\"wp-block-separator is-style-wide\"\/>\n\n\n\n<p>I miejsce &#8211; Ewa Thomas<\/p>\n\n\n\n<p>II miejsce &#8211; Karolina Hanuszewicz<\/p>\n\n\n\n<p>III miejsce &#8211; Ewa Thomas <\/p>\n\n\n\n<p>Wyr\u00f3\u017cnienie &#8211; dla trzech fotografii \u0141ukasz Knop<\/p>\n\n\n\nngg_shortcode_1_placeholder\n\n\n\n<hr class=\"wp-block-separator has-text-color has-background has-blue-background-color has-blue-color is-style-wide\"\/>\n\n\n\n<hr class=\"wp-block-separator has-text-color has-background has-blue-background-color has-blue-color is-style-wide\"\/>\n\n\n\n<p class=\"has-text-align-center\">KONKURS FOTOGRAFICZNY  KRAJOBRAZ POLSKI<\/p>\n\n\n\n<p class=\"has-text-align-center\"><strong>\u201eC Z T E R Y&nbsp; P O R Y&nbsp; R O K U &#8222;<\/strong><\/p>\n\n\n\n<hr class=\"wp-block-separator has-text-color has-background has-blue-background-color has-blue-color is-style-default\"\/>\n\n\n\n<h2 class=\"has-text-align-center has-blue-color has-text-color wp-block-heading\"><strong>JESIE\u0143<\/strong><\/h2>\n\n\n\n<hr class=\"wp-block-separator has-text-color has-background has-blue-background-color has-blue-color is-style-default\"\/>\n\n\n\n<p class=\"has-text-align-center\"><strong>TERMIN PRZESY\u0141ANIA ZDJ\u0118\u0106 OD <strong>22.10.2019 DO 30.11.2019 r<\/strong>.<\/strong><\/p>\n\n\n\n<hr class=\"wp-block-separator is-style-default\"\/>\n\n\n\n<p class=\"has-text-align-center\">Rozstrzygniecie og\u00f3lnopolskiego konkursu fotograficznego organizowanego przez<\/p>\n\n\n\n<p class=\"has-text-align-center has-text-color\" style=\"color:#1eb539\"><strong>Zielonog\u00f3rskie Towarzystwo Fotograficzne <\/strong><\/p>\n\n\n\n<p class=\"has-text-align-center\">KRAJOBRAZ POLSKI &#8222;CZTERY PORY ROKU &#8211; JESIE\u0143&#8221;<\/p>\n\n\n\n<p>mi\u0142o nam poinformowa\u0107 i\u017c decyzj\u0105 jury konkursu organizowanego przez Zielonog\u00f3rskie Towarzystwo Fotograficzne przyznano:<\/p>\n\n\n\n<hr class=\"wp-block-separator is-style-wide\"\/>\n\n\n\n<p>I miejsce &#8211; Marek Mi\u0142oszewski<\/p>\n\n\n\n<p>II miejsce &#8211; Patryk Kuc<\/p>\n\n\n\n<p>III miejsce &#8211; Joanna Szandruk<\/p>\n\n\n\nngg_shortcode_2_placeholder\n\n\n\n<div class=\"wp-block-file aligncenter\"><a id=\"wp-block-file--media-3b1f87d5-8fa6-4c74-856a-4c8be168acd8\" href=\"http:\/\/ztf.gik.zgora.pl\/wp-content\/uploads\/2022\/04\/regulamin-edycja-2-zima.pdf\">regulamin edycja 2 &#8211; zima<\/a><a href=\"http:\/\/ztf.gik.zgora.pl\/wp-content\/uploads\/2022\/04\/regulamin-edycja-2-zima.pdf\" class=\"wp-block-file__button\" download aria-describedby=\"wp-block-file--media-3b1f87d5-8fa6-4c74-856a-4c8be168acd8\">Pobierz<\/a><\/div>\n\n\n\n<div class=\"wp-block-file aligncenter\"><a id=\"wp-block-file--media-65ba99bc-9928-4d57-9bde-2925b9999908\" href=\"http:\/\/ztf.gik.zgora.pl\/wp-content\/uploads\/2022\/04\/regulamin-edycja-2-wiosna.pdf\">regulamin edycja 2 &#8211; wiosna<\/a><a href=\"http:\/\/ztf.gik.zgora.pl\/wp-content\/uploads\/2022\/04\/regulamin-edycja-2-wiosna.pdf\" class=\"wp-block-file__button\" download aria-describedby=\"wp-block-file--media-65ba99bc-9928-4d57-9bde-2925b9999908\">Pobierz<\/a><\/div>\n\n\n\n<div class=\"wp-block-file aligncenter\"><a id=\"wp-block-file--media-f7205147-fb0b-4ba9-aebf-a1311e66e31d\" href=\"http:\/\/ztf.gik.zgora.pl\/wp-content\/uploads\/2022\/04\/regulamin-edycja-2-lato.pdf\">regulamin edycja 2 &#8211; lato<\/a><a href=\"http:\/\/ztf.gik.zgora.pl\/wp-content\/uploads\/2022\/04\/regulamin-edycja-2-lato.pdf\" class=\"wp-block-file__button\" download aria-describedby=\"wp-block-file--media-f7205147-fb0b-4ba9-aebf-a1311e66e31d\">Pobierz<\/a><\/div>\n\n\n\n<div class=\"wp-block-file aligncenter\"><a id=\"wp-block-file--media-79dfc2eb-5384-413f-bf4c-5d583945611a\" href=\"http:\/\/ztf.gik.zgora.pl\/wp-content\/uploads\/2022\/04\/regulamin-edycja-2-jesien.pdf\">regulamin edycja 2 &#8211; jesien<\/a><a href=\"http:\/\/ztf.gik.zgora.pl\/wp-content\/uploads\/2022\/04\/regulamin-edycja-2-jesien.pdf\" class=\"wp-block-file__button\" download aria-describedby=\"wp-block-file--media-79dfc2eb-5384-413f-bf4c-5d583945611a\">Pobierz<\/a><\/div>\n","protected":false},"excerpt":{"rendered":"<p>KONKURS FOTOGRAFICZNY KRAJOBRAZ POLSKI \u201eC Z T E R Y&nbsp; P O R Y&nbsp; R O K U &#8222; ZIMA TERMIN PRZESY\u0141ANIA ZDJ\u0118\u0106 OD 31.01.2019 R. DO 17.03.2019 r. Rozstrzygniecie og\u00f3lnopolskiego konkursu fotograficznego organizowanego przez Zielonog\u00f3rskie Towarzystwo Fotograficzne KRAJOBRAZ POLSKI &#8222;CZTERY PORY ROKU &#8211; ZIMA&#8221; mi\u0142o nam poinformowa\u0107 i\u017c decyzj\u0105 jury konkursu organizowanego przez Zielonog\u00f3rskie [&hellip;]<\/p>\n","protected":false},"author":2,"featured_media":0,"parent":0,"menu_order":0,"comment_status":"closed","ping_status":"closed","template":"","meta":{"ngg_post_thumbnail":0,"footnotes":""},"class_list":["post-2642","page","type-page","status-publish","hentry"],"_links":{"self":[{"href":"https:\/\/archiwum.ztf.zgora.pl\/web\/wp-json\/wp\/v2\/pages\/2642","targetHints":{"allow":["GET"]}}],"collection":[{"href":"https:\/\/archiwum.ztf.zgora.pl\/web\/wp-json\/wp\/v2\/pages"}],"about":[{"href":"https:\/\/archiwum.ztf.zgora.pl\/web\/wp-json\/wp\/v2\/types\/page"}],"author":[{"embeddable":true,"href":"https:\/\/archiwum.ztf.zgora.pl\/web\/wp-json\/wp\/v2\/users\/2"}],"replies":[{"embeddable":true,"href":"https:\/\/archiwum.ztf.zgora.pl\/web\/wp-json\/wp\/v2\/comments?post=2642"}],"version-history":[{"count":5,"href":"https:\/\/archiwum.ztf.zgora.pl\/web\/wp-json\/wp\/v2\/pages\/2642\/revisions"}],"predecessor-version":[{"id":2716,"href":"https:\/\/archiwum.ztf.zgora.pl\/web\/wp-json\/wp\/v2\/pages\/2642\/revisions\/2716"}],"wp:attachment":[{"href":"https:\/\/archiwum.ztf.zgora.pl\/web\/wp-json\/wp\/v2\/media?parent=2642"}],"curies":[{"name":"wp","href":"https:\/\/api.w.org\/{rel}","templated":true}]}}